{"id":801,"date":"2021-07-21T06:37:26","date_gmt":"2021-07-21T09:37:26","guid":{"rendered":"https:\/\/cetisolda.com.br\/site\/?page_id=801"},"modified":"2022-08-29T14:30:25","modified_gmt":"2022-08-29T17:30:25","slug":"sobre-nos","status":"publish","type":"page","link":"https:\/\/cetisolda.com.br\/site\/sobre-nos\/","title":{"rendered":"Sobre n\u00f3s"},"content":{"rendered":"\n<div class=\"wp-block-image\"><figure class=\"aligncenter size-full is-resized\"><img decoding=\"async\" src=\"http:\/\/cetisolda.com.br\/site\/wp-content\/uploads\/2021\/07\/cropped-Logo.png\" alt=\"\" class=\"wp-image-783\" width=\"291\" height=\"80\"\/><\/figure><\/div>\n\n\n\n<h4 class=\"wp-block-heading\"><strong>A\u00a0Cetisolda \u2013 Centro de Treinamento e Inspe\u00e7\u00e3o de Soldagem\u00a0\u2013 possui um programa de cursos e servi\u00e7os ao p\u00fablico e empresas com interesse na forma\u00e7\u00e3o, capacita\u00e7\u00e3o, qualifica\u00e7\u00e3o e aperfei\u00e7oamento em soldagem e assuntos correlatos.<\/strong><\/h4>\n\n\n\n<div class=\"wp-block-image\"><figure class=\"aligncenter size-full\"><img fetchpriority=\"high\" decoding=\"async\" width=\"860\" height=\"627\" src=\"https:\/\/cetisolda.com.br\/site\/wp-content\/uploads\/2022\/07\/certisign-e-a-primeira-ac-a-conquistar-a-certificacao-iso-90012015.jpg\" alt=\"\" class=\"wp-image-1469\" srcset=\"https:\/\/cetisolda.com.br\/site\/wp-content\/uploads\/2022\/07\/certisign-e-a-primeira-ac-a-conquistar-a-certificacao-iso-90012015.jpg 860w, https:\/\/cetisolda.com.br\/site\/wp-content\/uploads\/2022\/07\/certisign-e-a-primeira-ac-a-conquistar-a-certificacao-iso-90012015-300x219.jpg 300w, https:\/\/cetisolda.com.br\/site\/wp-content\/uploads\/2022\/07\/certisign-e-a-primeira-ac-a-conquistar-a-certificacao-iso-90012015-768x560.jpg 768w\" sizes=\"(max-width: 860px) 100vw, 860px\" \/><figcaption>CERTIFICADO ISO 9001:2015 | GEST\u00c3O DA QUALIDADE<\/figcaption><\/figure><\/div>\n\n\n\n<p>Nas atividades oferecidas s\u00e3o abordadas t\u00e9cnicas de soldagem na forma\u00e7\u00e3o e capacita\u00e7\u00e3o de soldadores, correta sele\u00e7\u00e3o dos processos, considerando as principais vari\u00e1veis envolvidas em treinamento para qualifica\u00e7\u00e3o de soldadores e inspetores de soldagem, e cursos nas \u00e1reas tecnol\u00f3gicas atendendo a diversos p\u00fablicos como estudantes, soldadores, inspetores, encarregados e profissionais diversos das \u00e1reas de mec\u00e2nica e manuten\u00e7\u00e3o.<\/p>\n\n\n\n<p>No mercado desde 2007 e com mais de 7.000 alunos matriculados ao longo dos anos, <strong>estamos localizados na Rua Jo\u00e3o L\u00facio Alves Vil\u00e9la, 16 &#8211; Jardim Am\u00e9rica, Cariacica &#8211; Esp\u00edrito Santo, 29151-630.<\/strong><\/p>\n\n\n\n<figure class=\"wp-block-gallery columns-3 is-cropped wp-block-gallery-1 is-layout-flex wp-block-gallery-is-layout-flex\"><ul class=\"blocks-gallery-grid\"><li class=\"blocks-gallery-item\"><figure><img decoding=\"async\" width=\"1024\" height=\"768\" src=\"https:\/\/cetisolda.com.br\/site\/wp-content\/uploads\/2021\/07\/IMG_0053-1024x768.jpg\" alt=\"\" data-id=\"864\" data-full-url=\"https:\/\/cetisolda.com.br\/site\/wp-content\/uploads\/2021\/07\/IMG_0053-scaled.jpg\" data-link=\"https:\/\/cetisolda.com.br\/site\/quem-somos\/img_0053-2\/\" class=\"wp-image-864\" srcset=\"https:\/\/cetisolda.com.br\/site\/wp-content\/uploads\/2021\/07\/IMG_0053-1024x768.jpg 1024w, https:\/\/cetisolda.com.br\/site\/wp-content\/uploads\/2021\/07\/IMG_0053-300x225.jpg 300w, https:\/\/cetisolda.com.br\/site\/wp-content\/uploads\/2021\/07\/IMG_0053-768x576.jpg 768w, https:\/\/cetisolda.com.br\/site\/wp-content\/uploads\/2021\/07\/IMG_0053-1536x1152.jpg 1536w, https:\/\/cetisolda.com.br\/site\/wp-content\/uploads\/2021\/07\/IMG_0053-2048x1536.jpg 2048w\" sizes=\"(max-width: 1024px) 100vw, 1024px\" \/><\/figure><\/li><li class=\"blocks-gallery-item\"><figure><img loading=\"lazy\" decoding=\"async\" width=\"1024\" height=\"768\" src=\"https:\/\/cetisolda.com.br\/site\/wp-content\/uploads\/2021\/07\/WhatsApp-Image-2020-11-22-at-11.38.17-1024x768.jpeg\" alt=\"\" data-id=\"866\" data-full-url=\"https:\/\/cetisolda.com.br\/site\/wp-content\/uploads\/2021\/07\/WhatsApp-Image-2020-11-22-at-11.38.17.jpeg\" data-link=\"https:\/\/cetisolda.com.br\/site\/quem-somos\/whatsapp-image-2020-11-22-at-11-38-17-2\/\" class=\"wp-image-866\" srcset=\"https:\/\/cetisolda.com.br\/site\/wp-content\/uploads\/2021\/07\/WhatsApp-Image-2020-11-22-at-11.38.17-1024x768.jpeg 1024w, https:\/\/cetisolda.com.br\/site\/wp-content\/uploads\/2021\/07\/WhatsApp-Image-2020-11-22-at-11.38.17-300x225.jpeg 300w, https:\/\/cetisolda.com.br\/site\/wp-content\/uploads\/2021\/07\/WhatsApp-Image-2020-11-22-at-11.38.17-768x576.jpeg 768w, https:\/\/cetisolda.com.br\/site\/wp-content\/uploads\/2021\/07\/WhatsApp-Image-2020-11-22-at-11.38.17.jpeg 1280w\" sizes=\"(max-width: 1024px) 100vw, 1024px\" \/><\/figure><\/li><li class=\"blocks-gallery-item\"><figure><img loading=\"lazy\" decoding=\"async\" width=\"1024\" height=\"768\" src=\"https:\/\/cetisolda.com.br\/site\/wp-content\/uploads\/2021\/07\/photo_2021-03-22_20-31-39-1024x768.jpg\" alt=\"\" data-id=\"865\" data-full-url=\"https:\/\/cetisolda.com.br\/site\/wp-content\/uploads\/2021\/07\/photo_2021-03-22_20-31-39.jpg\" data-link=\"https:\/\/cetisolda.com.br\/site\/quem-somos\/photo_2021-03-22_20-31-39\/\" class=\"wp-image-865\" srcset=\"https:\/\/cetisolda.com.br\/site\/wp-content\/uploads\/2021\/07\/photo_2021-03-22_20-31-39-1024x768.jpg 1024w, https:\/\/cetisolda.com.br\/site\/wp-content\/uploads\/2021\/07\/photo_2021-03-22_20-31-39-300x225.jpg 300w, https:\/\/cetisolda.com.br\/site\/wp-content\/uploads\/2021\/07\/photo_2021-03-22_20-31-39-768x576.jpg 768w, https:\/\/cetisolda.com.br\/site\/wp-content\/uploads\/2021\/07\/photo_2021-03-22_20-31-39.jpg 1280w\" sizes=\"(max-width: 1024px) 100vw, 1024px\" \/><\/figure><\/li><\/ul><\/figure>\n\n\n\n<h2 class=\"wp-block-heading\">A Cetisolda desenvolve tamb\u00e9m servi\u00e7os nas \u00e1reas de soldagem no controle de qualidade como:<\/h2>\n\n\n\n<ul><li>Consultoria em soldagem e aplica\u00e7\u00e3o;<\/li><li>Inspe\u00e7\u00e3o de solda com inspetores qualificados;<\/li><li>Qualifica\u00e7\u00e3o de procedimento de soldagem e soldadores.<\/li><\/ul>\n","protected":false},"excerpt":{"rendered":"<p>A\u00a0Cetisolda \u2013 Centro de Treinamento e Inspe\u00e7\u00e3o de Soldagem\u00a0\u2013 possui um programa de cursos e servi\u00e7os ao p\u00fablico e empresas com interesse na forma\u00e7\u00e3o, capacita\u00e7\u00e3o, qualifica\u00e7\u00e3o e aperfei\u00e7oamento em soldagem e assuntos correlatos. Nas atividades oferecidas s\u00e3o abordadas t\u00e9cnicas de soldagem na forma\u00e7\u00e3o e capacita\u00e7\u00e3o de soldadores, correta sele\u00e7\u00e3o dos processos, considerando as principais vari\u00e1veis [&hellip;]<\/p>\n","protected":false},"author":2,"featured_media":0,"parent":0,"menu_order":0,"comment_status":"closed","ping_status":"closed","template":"","meta":{"footnotes":""},"yoast_head":"<!-- This site is optimized with the Yoast SEO plugin v22.5 - https:\/\/yoast.com\/wordpress\/plugins\/seo\/ -->\n<title>Sobre n\u00f3s - Cetisolda<\/title>\n<meta name=\"robots\" content=\"index, follow, max-snippet:-1, max-image-preview:large, max-video-preview:-1\" \/>\n<link rel=\"canonical\" href=\"https:\/\/cetisolda.com.br\/site\/sobre-nos\/\" \/>\n<meta property=\"og:locale\" content=\"pt_BR\" \/>\n<meta property=\"og:type\" content=\"article\" \/>\n<meta property=\"og:title\" content=\"Sobre n\u00f3s - Cetisolda\" \/>\n<meta property=\"og:description\" content=\"A\u00a0Cetisolda \u2013 Centro de Treinamento e Inspe\u00e7\u00e3o de Soldagem\u00a0\u2013 possui um programa de cursos e servi\u00e7os ao p\u00fablico e empresas com interesse na forma\u00e7\u00e3o, capacita\u00e7\u00e3o, qualifica\u00e7\u00e3o e aperfei\u00e7oamento em soldagem e assuntos correlatos. Nas atividades oferecidas s\u00e3o abordadas t\u00e9cnicas de soldagem na forma\u00e7\u00e3o e capacita\u00e7\u00e3o de soldadores, correta sele\u00e7\u00e3o dos processos, considerando as principais vari\u00e1veis [&hellip;]\" \/>\n<meta property=\"og:url\" content=\"https:\/\/cetisolda.com.br\/site\/sobre-nos\/\" \/>\n<meta property=\"og:site_name\" content=\"Cetisolda\" \/>\n<meta property=\"article:modified_time\" content=\"2022-08-29T17:30:25+00:00\" \/>\n<meta property=\"og:image\" content=\"http:\/\/cetisolda.com.br\/site\/wp-content\/uploads\/2021\/07\/cropped-Logo.png\" \/>\n<meta name=\"twitter:card\" content=\"summary_large_image\" \/>\n<meta name=\"twitter:label1\" content=\"Est. tempo de leitura\" \/>\n\t<meta name=\"twitter:data1\" content=\"1 minuto\" \/>\n<script type=\"application\/ld+json\" class=\"yoast-schema-graph\">{\"@context\":\"https:\/\/schema.org\",\"@graph\":[{\"@type\":\"WebPage\",\"@id\":\"https:\/\/cetisolda.com.br\/site\/sobre-nos\/\",\"url\":\"https:\/\/cetisolda.com.br\/site\/sobre-nos\/\",\"name\":\"Sobre n\u00f3s - Cetisolda\",\"isPartOf\":{\"@id\":\"https:\/\/cetisolda.com.br\/site\/#website\"},\"primaryImageOfPage\":{\"@id\":\"https:\/\/cetisolda.com.br\/site\/sobre-nos\/#primaryimage\"},\"image\":{\"@id\":\"https:\/\/cetisolda.com.br\/site\/sobre-nos\/#primaryimage\"},\"thumbnailUrl\":\"http:\/\/cetisolda.com.br\/site\/wp-content\/uploads\/2021\/07\/cropped-Logo.png\",\"datePublished\":\"2021-07-21T09:37:26+00:00\",\"dateModified\":\"2022-08-29T17:30:25+00:00\",\"breadcrumb\":{\"@id\":\"https:\/\/cetisolda.com.br\/site\/sobre-nos\/#breadcrumb\"},\"inLanguage\":\"pt-BR\",\"potentialAction\":[{\"@type\":\"ReadAction\",\"target\":[\"https:\/\/cetisolda.com.br\/site\/sobre-nos\/\"]}]},{\"@type\":\"ImageObject\",\"inLanguage\":\"pt-BR\",\"@id\":\"https:\/\/cetisolda.com.br\/site\/sobre-nos\/#primaryimage\",\"url\":\"https:\/\/cetisolda.com.br\/site\/wp-content\/uploads\/2021\/07\/cropped-Logo.png\",\"contentUrl\":\"https:\/\/cetisolda.com.br\/site\/wp-content\/uploads\/2021\/07\/cropped-Logo.png\",\"width\":231,\"height\":64},{\"@type\":\"BreadcrumbList\",\"@id\":\"https:\/\/cetisolda.com.br\/site\/sobre-nos\/#breadcrumb\",\"itemListElement\":[{\"@type\":\"ListItem\",\"position\":1,\"name\":\"In\u00edcio\",\"item\":\"https:\/\/cetisolda.com.br\/site\/\"},{\"@type\":\"ListItem\",\"position\":2,\"name\":\"Sobre n\u00f3s\"}]},{\"@type\":\"WebSite\",\"@id\":\"https:\/\/cetisolda.com.br\/site\/#website\",\"url\":\"https:\/\/cetisolda.com.br\/site\/\",\"name\":\"Cetisolda\",\"description\":\"Centro de Treinamento e Inspe\u00e7\u00e3o de Soldagem\",\"publisher\":{\"@id\":\"https:\/\/cetisolda.com.br\/site\/#organization\"},\"potentialAction\":[{\"@type\":\"SearchAction\",\"target\":{\"@type\":\"EntryPoint\",\"urlTemplate\":\"https:\/\/cetisolda.com.br\/site\/?s={search_term_string}\"},\"query-input\":\"required name=search_term_string\"}],\"inLanguage\":\"pt-BR\"},{\"@type\":\"Organization\",\"@id\":\"https:\/\/cetisolda.com.br\/site\/#organization\",\"name\":\"Cetisolda\",\"url\":\"https:\/\/cetisolda.com.br\/site\/\",\"logo\":{\"@type\":\"ImageObject\",\"inLanguage\":\"pt-BR\",\"@id\":\"https:\/\/cetisolda.com.br\/site\/#\/schema\/logo\/image\/\",\"url\":\"https:\/\/cetisolda.com.br\/site\/wp-content\/uploads\/2021\/07\/cropped-Logo.png\",\"contentUrl\":\"https:\/\/cetisolda.com.br\/site\/wp-content\/uploads\/2021\/07\/cropped-Logo.png\",\"width\":231,\"height\":64,\"caption\":\"Cetisolda\"},\"image\":{\"@id\":\"https:\/\/cetisolda.com.br\/site\/#\/schema\/logo\/image\/\"}}]}<\/script>\n<!-- \/ Yoast SEO plugin. -->","yoast_head_json":{"title":"Sobre n\u00f3s - Cetisolda","robots":{"index":"index","follow":"follow","max-snippet":"max-snippet:-1","max-image-preview":"max-image-preview:large","max-video-preview":"max-video-preview:-1"},"canonical":"https:\/\/cetisolda.com.br\/site\/sobre-nos\/","og_locale":"pt_BR","og_type":"article","og_title":"Sobre n\u00f3s - Cetisolda","og_description":"A\u00a0Cetisolda \u2013 Centro de Treinamento e Inspe\u00e7\u00e3o de Soldagem\u00a0\u2013 possui um programa de cursos e servi\u00e7os ao p\u00fablico e empresas com interesse na forma\u00e7\u00e3o, capacita\u00e7\u00e3o, qualifica\u00e7\u00e3o e aperfei\u00e7oamento em soldagem e assuntos correlatos. Nas atividades oferecidas s\u00e3o abordadas t\u00e9cnicas de soldagem na forma\u00e7\u00e3o e capacita\u00e7\u00e3o de soldadores, correta sele\u00e7\u00e3o dos processos, considerando as principais vari\u00e1veis [&hellip;]","og_url":"https:\/\/cetisolda.com.br\/site\/sobre-nos\/","og_site_name":"Cetisolda","article_modified_time":"2022-08-29T17:30:25+00:00","og_image":[{"url":"http:\/\/cetisolda.com.br\/site\/wp-content\/uploads\/2021\/07\/cropped-Logo.png"}],"twitter_card":"summary_large_image","twitter_misc":{"Est. tempo de leitura":"1 minuto"},"schema":{"@context":"https:\/\/schema.org","@graph":[{"@type":"WebPage","@id":"https:\/\/cetisolda.com.br\/site\/sobre-nos\/","url":"https:\/\/cetisolda.com.br\/site\/sobre-nos\/","name":"Sobre n\u00f3s - Cetisolda","isPartOf":{"@id":"https:\/\/cetisolda.com.br\/site\/#website"},"primaryImageOfPage":{"@id":"https:\/\/cetisolda.com.br\/site\/sobre-nos\/#primaryimage"},"image":{"@id":"https:\/\/cetisolda.com.br\/site\/sobre-nos\/#primaryimage"},"thumbnailUrl":"http:\/\/cetisolda.com.br\/site\/wp-content\/uploads\/2021\/07\/cropped-Logo.png","datePublished":"2021-07-21T09:37:26+00:00","dateModified":"2022-08-29T17:30:25+00:00","breadcrumb":{"@id":"https:\/\/cetisolda.com.br\/site\/sobre-nos\/#breadcrumb"},"inLanguage":"pt-BR","potentialAction":[{"@type":"ReadAction","target":["https:\/\/cetisolda.com.br\/site\/sobre-nos\/"]}]},{"@type":"ImageObject","inLanguage":"pt-BR","@id":"https:\/\/cetisolda.com.br\/site\/sobre-nos\/#primaryimage","url":"https:\/\/cetisolda.com.br\/site\/wp-content\/uploads\/2021\/07\/cropped-Logo.png","contentUrl":"https:\/\/cetisolda.com.br\/site\/wp-content\/uploads\/2021\/07\/cropped-Logo.png","width":231,"height":64},{"@type":"BreadcrumbList","@id":"https:\/\/cetisolda.com.br\/site\/sobre-nos\/#breadcrumb","itemListElement":[{"@type":"ListItem","position":1,"name":"In\u00edcio","item":"https:\/\/cetisolda.com.br\/site\/"},{"@type":"ListItem","position":2,"name":"Sobre n\u00f3s"}]},{"@type":"WebSite","@id":"https:\/\/cetisolda.com.br\/site\/#website","url":"https:\/\/cetisolda.com.br\/site\/","name":"Cetisolda","description":"Centro de Treinamento e Inspe\u00e7\u00e3o de Soldagem","publisher":{"@id":"https:\/\/cetisolda.com.br\/site\/#organization"},"potentialAction":[{"@type":"SearchAction","target":{"@type":"EntryPoint","urlTemplate":"https:\/\/cetisolda.com.br\/site\/?s={search_term_string}"},"query-input":"required name=search_term_string"}],"inLanguage":"pt-BR"},{"@type":"Organization","@id":"https:\/\/cetisolda.com.br\/site\/#organization","name":"Cetisolda","url":"https:\/\/cetisolda.com.br\/site\/","logo":{"@type":"ImageObject","inLanguage":"pt-BR","@id":"https:\/\/cetisolda.com.br\/site\/#\/schema\/logo\/image\/","url":"https:\/\/cetisolda.com.br\/site\/wp-content\/uploads\/2021\/07\/cropped-Logo.png","contentUrl":"https:\/\/cetisolda.com.br\/site\/wp-content\/uploads\/2021\/07\/cropped-Logo.png","width":231,"height":64,"caption":"Cetisolda"},"image":{"@id":"https:\/\/cetisolda.com.br\/site\/#\/schema\/logo\/image\/"}}]}},"_links":{"self":[{"href":"https:\/\/cetisolda.com.br\/site\/wp-json\/wp\/v2\/pages\/801"}],"collection":[{"href":"https:\/\/cetisolda.com.br\/site\/wp-json\/wp\/v2\/pages"}],"about":[{"href":"https:\/\/cetisolda.com.br\/site\/wp-json\/wp\/v2\/types\/page"}],"author":[{"embeddable":true,"href":"https:\/\/cetisolda.com.br\/site\/wp-json\/wp\/v2\/users\/2"}],"replies":[{"embeddable":true,"href":"https:\/\/cetisolda.com.br\/site\/wp-json\/wp\/v2\/comments?post=801"}],"version-history":[{"count":19,"href":"https:\/\/cetisolda.com.br\/site\/wp-json\/wp\/v2\/pages\/801\/revisions"}],"predecessor-version":[{"id":1478,"href":"https:\/\/cetisolda.com.br\/site\/wp-json\/wp\/v2\/pages\/801\/revisions\/1478"}],"wp:attachment":[{"href":"https:\/\/cetisolda.com.br\/site\/wp-json\/wp\/v2\/media?parent=801"}],"curies":[{"name":"wp","href":"https:\/\/api.w.org\/{rel}","templated":true}]}}